{"id":29,"date":"2017-02-13T22:57:25","date_gmt":"2017-02-13T20:57:25","guid":{"rendered":"http:\/\/www.semiootika.ee\/acta\/?page_id=29"},"modified":"2017-02-16T19:37:23","modified_gmt":"2017-02-16T17:37:23","slug":"ajakirjast","status":"publish","type":"page","link":"http:\/\/www.semiootika.ee\/acta\/ajakirjast\/","title":{"rendered":"AJAKIRJAST"},"content":{"rendered":"<p><img loading=\"lazy\" decoding=\"async\" class=\" wp-image-187 alignleft\" src=\"http:\/\/www.semiootika.ee\/acta\/wp-content\/uploads\/2017\/02\/acta_yld-224x300.jpg\" alt=\"\" width=\"367\" height=\"492\" srcset=\"http:\/\/www.semiootika.ee\/acta\/wp-content\/uploads\/2017\/02\/acta_yld-224x300.jpg 224w, http:\/\/www.semiootika.ee\/acta\/wp-content\/uploads\/2017\/02\/acta_yld.jpg 300w\" sizes=\"auto, (max-width: 367px) 100vw, 367px\" \/>2001. aastal loodud ajakiri<em>\u00a0Acta Semiotica Estica<\/em>\u00a0koondab eestikeelseid semiootilisi ja kultuurianal\u00fc\u00fctilisi uurimusi. Ajakirja eesm\u00e4rk on teadvustada ja edendada semiootikat kui teadusharu eesti keele- ja kultuuriruumis, kajastades erinevaid uurimissuundi ja -teemasid nii Eestis kui mujal maailmas.<\/p>\n<p>Alates III numbrist 2006 on\u00a0<em>Acta Semiotica Estica<\/em>\u00a0rahvusvahelise toimetuskolleegiumiga eelretsenseeritav ajakiri, mille k\u00f5ik p\u00f5hiosa artiklile pretendeerivad kaast\u00f6\u00f6d l\u00e4bivad enne avaldamist anon\u00fc\u00fcmse eelretsenseerimise.\u00a0<em>Acta Semiotica Esticas<\/em>\u00a0on artikleid avaldanud nii tuntud teadlased, noored kultuuriuurijad ja -kriitikud kui ka alles teadust\u00f6\u00f6ga tutvust tegevad kraadi\u00f5ppurid.<\/p>\n<p>Lisaks eelretsenseeritavatele artiklitele on igas\u00a0<em>Acta\u00a0<\/em>numbris \u201cM\u00e4rkamiste\u201d rubriik, kus avaldame akadeemilise artikli \u017eanrist m\u00f5neti h\u00e4lbivaid, ent sellegipoolest huvipakkuvaid tekste, samuti t\u00f5lkeid nii semiootika klassikute kui ka meie kaasaegsete autorite t\u00f6\u00f6dest, sh eesti teadlaste olulistest, seni vaid v\u00f5\u00f5rkeeles ilmunud artiklitest. \u201cKroonika\u201d rubriik kajastab m\u00f6\u00f6dunud kalendriaastal toimunud semiootika-alaseid ettev\u00f5tmisi ja s\u00fcndmusi. Samuti sisaldab ajakiri eelretsenseeritavate artiklite ingliskeelseid res\u00fcmeesid.<\/p>\n<p><em>Acta Semiotica Estica<\/em> ilmub regulaarselt sagedusega \u00fcks number aastas. Ajakirja ilmumist on toetanud\u00a0<a class=\"pnkt\" href=\"http:\/\/www.kulka.ee\/\" target=\"_blank\">Eesti Kultuurkapital<\/a>. Ajakiri on <a href=\"http:\/\/www.semiootika.ee\/acta\/numbrid\/osta-acta\/\">tellitav\u00a0kodulehe kaudu<\/a>\u00a0ja ostetav Tartu \u00dclikooli semiootika osakonnas Jakobi 2, Tartu. Ajakiri on osaliselt avatud juurdep\u00e4\u00e4suga.<\/p>\n","protected":false},"excerpt":{"rendered":"<p>2001. aastal loodud ajakiri\u00a0Acta Semiotica Estica\u00a0koondab eestikeelseid semiootilisi ja kultuurianal\u00fc\u00fctilisi uurimusi. Ajakirja eesm\u00e4rk on teadvustada ja edendada semiootikat kui teadusharu &hellip;<\/p>\n","protected":false},"author":1,"featured_media":304,"parent":0,"menu_order":1,"comment_status":"closed","ping_status":"closed","template":"templates\/grid-page.php","meta":{"footnotes":""},"class_list":["post-29","page","type-page","status-publish","has-post-thumbnail","hentry"],"_links":{"self":[{"href":"http:\/\/www.semiootika.ee\/acta\/wp-json\/wp\/v2\/pages\/29","targetHints":{"allow":["GET"]}}],"collection":[{"href":"http:\/\/www.semiootika.ee\/acta\/wp-json\/wp\/v2\/pages"}],"about":[{"href":"http:\/\/www.semiootika.ee\/acta\/wp-json\/wp\/v2\/types\/page"}],"author":[{"embeddable":true,"href":"http:\/\/www.semiootika.ee\/acta\/wp-json\/wp\/v2\/users\/1"}],"replies":[{"embeddable":true,"href":"http:\/\/www.semiootika.ee\/acta\/wp-json\/wp\/v2\/comments?post=29"}],"version-history":[{"count":5,"href":"http:\/\/www.semiootika.ee\/acta\/wp-json\/wp\/v2\/pages\/29\/revisions"}],"predecessor-version":[{"id":384,"href":"http:\/\/www.semiootika.ee\/acta\/wp-json\/wp\/v2\/pages\/29\/revisions\/384"}],"wp:featuredmedia":[{"embeddable":true,"href":"http:\/\/www.semiootika.ee\/acta\/wp-json\/wp\/v2\/media\/304"}],"wp:attachment":[{"href":"http:\/\/www.semiootika.ee\/acta\/wp-json\/wp\/v2\/media?parent=29"}],"curies":[{"name":"wp","href":"https:\/\/api.w.org\/{rel}","templated":true}]}}