{"id":33,"date":"2017-02-13T22:58:33","date_gmt":"2017-02-13T20:58:33","guid":{"rendered":"http:\/\/www.semiootika.ee\/acta\/?page_id=33"},"modified":"2017-02-17T18:09:30","modified_gmt":"2017-02-17T16:09:30","slug":"toimetus","status":"publish","type":"page","link":"http:\/\/www.semiootika.ee\/acta\/ajakirjast\/toimetus\/","title":{"rendered":"TOIMETUS"},"content":{"rendered":"<p><strong>Toimetajad<\/strong>: Silvi Salupere ja Ott Puumeister<br \/>\n<strong>Keeletoimetaja<\/strong>: Eva Lepik<\/p>\n<p>&nbsp;<\/p>\n<p><strong>V\u00e4ljaandja<\/strong>: Eesti Semiootika Selts<br \/>\n<strong>Tr\u00fckk<\/strong>: Tartu \u00dclikooli Kirjastus v\u00f5i Bookmill<\/p>\n<p>ISSN: 1406-9563<\/p>\n","protected":false},"excerpt":{"rendered":"<p>Toimetajad: Silvi Salupere ja Ott Puumeister Keeletoimetaja: Eva Lepik &nbsp; V\u00e4ljaandja: Eesti Semiootika Selts Tr\u00fckk: Tartu \u00dclikooli Kirjastus v\u00f5i Bookmill &hellip;<\/p>\n","protected":false},"author":1,"featured_media":0,"parent":29,"menu_order":1,"comment_status":"closed","ping_status":"closed","template":"templates\/full-width-page.php","meta":{"footnotes":""},"class_list":["post-33","page","type-page","status-publish","hentry"],"_links":{"self":[{"href":"http:\/\/www.semiootika.ee\/acta\/wp-json\/wp\/v2\/pages\/33","targetHints":{"allow":["GET"]}}],"collection":[{"href":"http:\/\/www.semiootika.ee\/acta\/wp-json\/wp\/v2\/pages"}],"about":[{"href":"http:\/\/www.semiootika.ee\/acta\/wp-json\/wp\/v2\/types\/page"}],"author":[{"embeddable":true,"href":"http:\/\/www.semiootika.ee\/acta\/wp-json\/wp\/v2\/users\/1"}],"replies":[{"embeddable":true,"href":"http:\/\/www.semiootika.ee\/acta\/wp-json\/wp\/v2\/comments?post=33"}],"version-history":[{"count":4,"href":"http:\/\/www.semiootika.ee\/acta\/wp-json\/wp\/v2\/pages\/33\/revisions"}],"predecessor-version":[{"id":422,"href":"http:\/\/www.semiootika.ee\/acta\/wp-json\/wp\/v2\/pages\/33\/revisions\/422"}],"up":[{"embeddable":true,"href":"http:\/\/www.semiootika.ee\/acta\/wp-json\/wp\/v2\/pages\/29"}],"wp:attachment":[{"href":"http:\/\/www.semiootika.ee\/acta\/wp-json\/wp\/v2\/media?parent=33"}],"curies":[{"name":"wp","href":"https:\/\/api.w.org\/{rel}","templated":true}]}}