{"id":43,"date":"2017-02-13T23:03:28","date_gmt":"2017-02-13T21:03:28","guid":{"rendered":"http:\/\/www.semiootika.ee\/acta\/?page_id=43"},"modified":"2019-03-15T16:41:38","modified_gmt":"2019-03-15T14:41:38","slug":"osta-acta","status":"publish","type":"page","link":"http:\/\/www.semiootika.ee\/acta\/numbrid\/osta-acta\/","title":{"rendered":"OSTA ACTA"},"content":{"rendered":"<p><em>Acta Semiotica Estica<\/em> varasemad numbrid on veel piiratud koguses k\u00e4ttesaadavad\u00a0paberkandjal. Neid\u00a0on v\u00f5imalik osta:<\/p>\n<ul>\n<li>T\u00dc semiootika osakonna sekret\u00e4ri k\u00e4est, aadressil Jakobi 2-300 (sularahas)<\/li>\n<li>suurematest raamatukauplustest v\u00f5i\u00a0<a href=\"http:\/\/ilmamaadup.voog.com\" target=\"_blank\" rel=\"noopener noreferrer\">kirjastus Ilmamaa e-poest<\/a><\/li>\n<li>ESSi poolt korraldatavatel\u00a0suurematel \u00fcritustel.<\/li>\n<\/ul>\n<p>&nbsp;<\/p>\n","protected":false},"excerpt":{"rendered":"<p>Acta Semiotica Estica varasemad numbrid on veel piiratud koguses k\u00e4ttesaadavad\u00a0paberkandjal. Neid\u00a0on v\u00f5imalik osta: T\u00dc semiootika osakonna sekret\u00e4ri k\u00e4est, aadressil Jakobi &hellip;<\/p>\n","protected":false},"author":1,"featured_media":392,"parent":37,"menu_order":3,"comment_status":"closed","ping_status":"closed","template":"templates\/full-width-page.php","meta":{"footnotes":""},"class_list":["post-43","page","type-page","status-publish","has-post-thumbnail","hentry"],"_links":{"self":[{"href":"http:\/\/www.semiootika.ee\/acta\/wp-json\/wp\/v2\/pages\/43","targetHints":{"allow":["GET"]}}],"collection":[{"href":"http:\/\/www.semiootika.ee\/acta\/wp-json\/wp\/v2\/pages"}],"about":[{"href":"http:\/\/www.semiootika.ee\/acta\/wp-json\/wp\/v2\/types\/page"}],"author":[{"embeddable":true,"href":"http:\/\/www.semiootika.ee\/acta\/wp-json\/wp\/v2\/users\/1"}],"replies":[{"embeddable":true,"href":"http:\/\/www.semiootika.ee\/acta\/wp-json\/wp\/v2\/comments?post=43"}],"version-history":[{"count":5,"href":"http:\/\/www.semiootika.ee\/acta\/wp-json\/wp\/v2\/pages\/43\/revisions"}],"predecessor-version":[{"id":520,"href":"http:\/\/www.semiootika.ee\/acta\/wp-json\/wp\/v2\/pages\/43\/revisions\/520"}],"up":[{"embeddable":true,"href":"http:\/\/www.semiootika.ee\/acta\/wp-json\/wp\/v2\/pages\/37"}],"wp:featuredmedia":[{"embeddable":true,"href":"http:\/\/www.semiootika.ee\/acta\/wp-json\/wp\/v2\/media\/392"}],"wp:attachment":[{"href":"http:\/\/www.semiootika.ee\/acta\/wp-json\/wp\/v2\/media?parent=43"}],"curies":[{"name":"wp","href":"https:\/\/api.w.org\/{rel}","templated":true}]}}