{"id":546,"date":"2021-01-05T12:49:12","date_gmt":"2021-01-05T10:49:12","guid":{"rendered":"http:\/\/www.semiootika.ee\/acta\/?page_id=546"},"modified":"2025-01-30T10:27:04","modified_gmt":"2025-01-30T08:27:04","slug":"acta-semiotica-estica-xvii-2020","status":"publish","type":"page","link":"http:\/\/www.semiootika.ee\/acta\/numbrid\/ilmunud-numbrid\/acta-semiotica-estica-xvii-2020\/","title":{"rendered":"ACTA SEMIOTICA ESTICA XVII, 2020"},"content":{"rendered":"<p><img loading=\"lazy\" decoding=\"async\" class=\"size-medium wp-image-544 alignleft\" src=\"http:\/\/www.semiootika.ee\/acta\/wp-content\/uploads\/2021\/01\/acta_xviI_kaas-205x300.png\" alt=\"\" width=\"205\" height=\"300\" srcset=\"http:\/\/www.semiootika.ee\/acta\/wp-content\/uploads\/2021\/01\/acta_xviI_kaas-205x300.png 205w, http:\/\/www.semiootika.ee\/acta\/wp-content\/uploads\/2021\/01\/acta_xviI_kaas.png 500w\" sizes=\"auto, (max-width: 205px) 100vw, 205px\" \/><\/p>\n<div class=\"page\" title=\"Page 4\">\n<div class=\"layoutArea\">\n<div class=\"column\">\n<div class=\"page\" title=\"Page 7\">\n<div class=\"layoutArea\">\n<div class=\"column\">\n<p><i><span lang=\"ET\" style=\"background: white;\">Acta Semiotica Estica<\/span><\/i><span lang=\"ET\" style=\"background: white;\"> XVII number paistab taaskord silma teemade kirevusega, mis ulatuvad budismist poliitika ja loomaaialoomadeni. Teemaderingi mitmekesisus peegeldab suurep\u00e4raselt Tartu \u00fclikooli semiootika osakonna haarde laiust \u2013 autorid, kelle seas on nii \u00fcli\u00f5pilasi kui kogenud teadlasi, on enamasti p\u00e4rit just sealt. Sel korral pakume lugemiseks kuut originaalartiklit. Lisaks loomulikult M\u00e4rkamiste rubriik t\u00f5lgete, vestluste ja t\u00e4helepanekutega. Numbri l\u00f5petab, nagu tavaks saanud, \u00fclevaade eelmise aasta semiootika-alastest s\u00fcndmustest.<\/span><\/p>\n<\/div>\n<\/div>\n<\/div>\n<p><strong>Koostajad ja toimetajad:\u00a0<\/strong>Silvi Salupere, Ott Puumeister<\/p>\n<p>Keeletoimetaja:\u00a0Eva Lepik<\/p>\n<p>Kaanekujundus:\u00a0Mehmet Emir Uslu<\/p>\n<div class=\"page\" title=\"Page 4\">\n<div class=\"layoutArea\">\n<div class=\"column\">\n<p>ISSN 1406\u20139563<\/p>\n<p>Eesti Semiootika Selts 2020<\/p>\n<p>Kogumiku v\u00e4ljaandmist toetas Tartu \u00dclikooli Filosoofia ja Semiootika Instituut.<\/p>\n<p><a href=\"http:\/\/www.semiootika.ee\/acta\/wp-content\/uploads\/2021\/10\/ActaXVII.pdf\" target=\"_blank\" rel=\"noopener noreferrer\">Avatud juurdep\u00e4\u00e4s numbrile<\/a>.<\/p>\n<p>&nbsp;<\/p>\n<\/div>\n<\/div>\n<\/div>\n<\/div>\n<\/div>\n<\/div>\n<div class=\"page\" title=\"Page 5\">\n<div class=\"layoutArea\">\n<div class=\"column\">\n<h2>SISUKORD<\/h2>\n<p><strong>Eess\u00f5na<\/strong><\/p>\n<p><strong>Andres Herkel <\/strong>\u2013 Budismi semiootika I. Tartu\u2013Moskva koolkonna panus: Pjatigorski ja M\u00e4ll<\/p>\n<p><strong>Andreas Ventsel <\/strong>\u2013\u00a0Venemaa humanitaarabi meediadiskursus kui strateegiline narratiiv: semiootiline anal\u00fc\u00fcs<\/p>\n<p><strong>Daniel Tamm\u00a0<\/strong>\u2013\u00a0Antiteetiline identiteediloome semiootika ja strateegiliste narratiivide seisukohast<\/p>\n<p><strong>\u00a0Nelly M\u00e4ekivi\u00a0<\/strong>\u2013\u00a0<em>Ex situ<\/em> loomade k\u00e4itumise ja kommunikatsiooni modelleerimine<\/p>\n<p><strong>\u00a0Rasmus Rebane\u00a0<\/strong>\u2013\u00a0Instinktid ja tundmused Malinowski \u201cfaatilises osaduses\u201d<\/p>\n<p><strong>\u00a0Krista Simson\u00a0<\/strong>\u2013\u00a0V\u00e4rvi semiootikast visuaalkunstis<\/p>\n<p><strong>\u00a0<\/strong><\/p>\n<p><strong>M\u00c4RKAMISI<\/strong><\/p>\n<p><strong>Katrin Alekand, Kati Lindstr\u00f6m <\/strong>\u2013\u00a0Mutid ja mesilased \u2013 aegadetagune intervjuu Thomas A. Sebeokiga<\/p>\n<p><strong>Kalevi Kull, Ekaterina Velmezova<\/strong> \u2013\u00a0Semiootikast J\u00fcri Talveti vaates<\/p>\n<p><strong>Madli-Mai J\u00f5e <\/strong>\u2013\u00a0Info\u00e4revuse k\u00fcsimusest<\/p>\n<p><strong>Susanna Mett <\/strong> \u2013\u00a0The Shaggs ja keeled, mis moodustavad muusika<\/p>\n<p><strong>Johanna T\u00f5ugu <\/strong>\u2013\u00a0Tekno \u2013 retk enesesse<\/p>\n<p><strong>Juri Lotman <\/strong>\u2013\u00a0Tekst ja auditooriumi struktuur<\/p>\n<p><strong>\u00a0<\/strong><\/p>\n<p><strong>KROONIKA 2019<\/strong><\/p>\n<p><strong>ABSTRACTS<\/strong><\/p>\n<\/div>\n<\/div>\n<\/div>\n","protected":false},"excerpt":{"rendered":"<p>Acta Semiotica Estica XVII number paistab taaskord silma teemade kirevusega, mis ulatuvad budismist poliitika ja loomaaialoomadeni. Teemaderingi mitmekesisus peegeldab suurep\u00e4raselt &hellip;<\/p>\n","protected":false},"author":1,"featured_media":544,"parent":41,"menu_order":52,"comment_status":"closed","ping_status":"closed","template":"templates\/full-width-page.php","meta":{"footnotes":""},"class_list":["post-546","page","type-page","status-publish","has-post-thumbnail","hentry"],"_links":{"self":[{"href":"http:\/\/www.semiootika.ee\/acta\/wp-json\/wp\/v2\/pages\/546","targetHints":{"allow":["GET"]}}],"collection":[{"href":"http:\/\/www.semiootika.ee\/acta\/wp-json\/wp\/v2\/pages"}],"about":[{"href":"http:\/\/www.semiootika.ee\/acta\/wp-json\/wp\/v2\/types\/page"}],"author":[{"embeddable":true,"href":"http:\/\/www.semiootika.ee\/acta\/wp-json\/wp\/v2\/users\/1"}],"replies":[{"embeddable":true,"href":"http:\/\/www.semiootika.ee\/acta\/wp-json\/wp\/v2\/comments?post=546"}],"version-history":[{"count":3,"href":"http:\/\/www.semiootika.ee\/acta\/wp-json\/wp\/v2\/pages\/546\/revisions"}],"predecessor-version":[{"id":558,"href":"http:\/\/www.semiootika.ee\/acta\/wp-json\/wp\/v2\/pages\/546\/revisions\/558"}],"up":[{"embeddable":true,"href":"http:\/\/www.semiootika.ee\/acta\/wp-json\/wp\/v2\/pages\/41"}],"wp:featuredmedia":[{"embeddable":true,"href":"http:\/\/www.semiootika.ee\/acta\/wp-json\/wp\/v2\/media\/544"}],"wp:attachment":[{"href":"http:\/\/www.semiootika.ee\/acta\/wp-json\/wp\/v2\/media?parent=546"}],"curies":[{"name":"wp","href":"https:\/\/api.w.org\/{rel}","templated":true}]}}