{"id":723,"date":"2026-01-11T04:04:52","date_gmt":"2026-01-11T02:04:52","guid":{"rendered":"https:\/\/www.semiootika.ee\/acta\/?page_id=723"},"modified":"2026-03-11T22:36:20","modified_gmt":"2026-03-11T20:36:20","slug":"acta-semiotica-estica-xxii-2025","status":"publish","type":"page","link":"http:\/\/www.semiootika.ee\/acta\/numbrid\/ilmunud-numbrid\/acta-semiotica-estica-xxii-2025\/","title":{"rendered":"ACTA SEMIOTICA ESTICA XXII, 2025"},"content":{"rendered":"\n<div style=\"height:30px\" aria-hidden=\"true\" class=\"wp-block-spacer\"><\/div>\n\n\n\n<div class=\"wp-block-columns is-layout-flex wp-container-core-columns-is-layout-9d6595d7 wp-block-columns-is-layout-flex\">\n<div class=\"wp-block-column is-layout-flow wp-block-column-is-layout-flow\" style=\"flex-basis:33.33%\">\n<figure class=\"wp-block-image size-full\"><img loading=\"lazy\" decoding=\"async\" width=\"500\" height=\"700\" src=\"http:\/\/www.semiootika.ee\/acta\/wp-content\/uploads\/2026\/01\/acta_22_kaas.jpg\" alt=\"\" class=\"wp-image-719\" srcset=\"http:\/\/www.semiootika.ee\/acta\/wp-content\/uploads\/2026\/01\/acta_22_kaas.jpg 500w, http:\/\/www.semiootika.ee\/acta\/wp-content\/uploads\/2026\/01\/acta_22_kaas-214x300.jpg 214w\" sizes=\"auto, (max-width: 500px) 100vw, 500px\" \/><\/figure>\n<\/div>\n\n\n\n<div class=\"wp-block-column is-layout-flow wp-block-column-is-layout-flow\" style=\"flex-basis:66.66%\">\n<p><em>Acta Semiotica Estica<\/em> XXII numbrist leiate viis originaalartiklit. Nagu tavaks saanud, kirjutavad nii kogenud uurijad kui ka tudengid, ja nagu kombeks, varieeruvad uurimuste teemad inimloomade suhtlusest teistsuguste loomade heaoluni. M\u00e4rkamiste rubriik on seekord p\u00fchendatud suures osas semiootika osakonna esimese juhataja&nbsp;<strong>Igor \u010cernovi<\/strong>&nbsp;(1943\u20132025) ereda isiksuse ja v\u00e4rvika karj\u00e4\u00e4ri m\u00e4lestamisele. Lisaks on lugemiseks ka noorsemiootikute erinevate kursuste raames kirjutatud tummiseid esseesid. Ja nagu ikka,&nbsp;<strong>Kroonika<\/strong>&nbsp;osa koos Tartu \u00fclikooli semiootika osakonnas kaitstud magistri- ja doktorit\u00f6\u00f6de nimekirjaga.<\/p>\n\n\n\n<p>Koostajad ja toimetajad:&nbsp;Silvi Salupere, Ott Puumeister, Rene Kiis<br>Kaanefoto: Ott Puumeister<\/p>\n\n\n\n<p>ISSN 1406\u20139563<br>Eesti Semiootika Selts 2025<br>Kogumiku v\u00e4ljaandmist toetas Tartu \u00dclikooli Filosoofia ja Semiootika Instituut.<\/p>\n\n\n\n<p>\u203a <strong><a href=\"http:\/\/www.semiootika.ee\/acta\/wp-content\/uploads\/2026\/03\/acta_22.pdf\" target=\"_blank\" rel=\"noreferrer noopener\">Terve number<\/a><\/strong>.<\/p>\n<\/div>\n<\/div>\n\n\n\n<h2 class=\"wp-block-heading\">SISUKORD<\/h2>\n\n\n\n<div style=\"height:27px\" aria-hidden=\"true\" class=\"wp-block-spacer\"><\/div>\n\n\n\n<p><strong><a href=\"http:\/\/www.semiootika.ee\/acta\/wp-content\/uploads\/2026\/01\/Acta_XXII_eessona.pdf\" target=\"_blank\" rel=\"noreferrer noopener\">Eess\u00f5na<\/a><\/strong>&nbsp;<\/p>\n\n\n\n<p><strong>Anti Randiir<\/strong> \u2013 <a href=\"http:\/\/www.semiootika.ee\/acta\/wp-content\/uploads\/2026\/01\/Acta_XXII_Randviir.pdf\" target=\"_blank\" rel=\"noreferrer noopener\">Suhtluse modelleerimise \u00fcldp\u00f5him\u00f5tetest<\/a><\/p>\n\n\n\n<p><strong>Marleen Mihhailova<\/strong> \u2013 <a href=\"http:\/\/www.semiootika.ee\/acta\/wp-content\/uploads\/2026\/01\/Acta_XXII_Mihhailova.pdf\" target=\"_blank\" rel=\"noreferrer noopener\">Nostalgia kui semiootiline protsess: anal\u00fc\u00fctiline l\u00e4henemine t\u00e4hendusloomele ja m\u00e4lule<\/a><\/p>\n\n\n\n<p><strong>Rene Kiis<\/strong> \u2013 <a href=\"http:\/\/www.semiootika.ee\/acta\/wp-content\/uploads\/2026\/03\/acta_22_Kiis.pdf\" target=\"_blank\" rel=\"noreferrer noopener\">Tartu tekstist ja vaimust<\/a><\/p>\n\n\n\n<p><strong>Nelly M\u00e4ekivi<\/strong> \u2013 <a href=\"http:\/\/www.semiootika.ee\/acta\/wp-content\/uploads\/2026\/01\/Acta_XXII_Maekivi.pdf\" target=\"_blank\" rel=\"noreferrer noopener\">Suurte kaslaste heaolu ja agentsuse m\u00f5testamine Eesti kontekstis<\/a><\/p>\n\n\n\n<p><strong>Helen Arusoo<\/strong> \u2013 <a href=\"http:\/\/www.semiootika.ee\/acta\/wp-content\/uploads\/2026\/01\/Acta_XXII_Arusoo.pdf\" target=\"_blank\" rel=\"noreferrer noopener\">Hundikivid, nende t\u00e4hendusv\u00e4ljad ja t\u00e4hendusnihked<\/a><\/p>\n\n\n\n<div style=\"height:13px\" aria-hidden=\"true\" class=\"wp-block-spacer\"><\/div>\n\n\n\n<h3 class=\"wp-block-heading\">M\u00c4RKAMISI<\/h3>\n\n\n\n<p><strong><a href=\"http:\/\/www.semiootika.ee\/acta\/wp-content\/uploads\/2026\/01\/Acta_XXII_In-memoriam.pdf\" target=\"_blank\" rel=\"noreferrer noopener\">In memoriam Igor \u010cernov<\/a><\/strong><\/p>\n\n\n\n<p><strong>Anti Randviir, Elin S\u00fctiste<\/strong> \u2013 <a href=\"http:\/\/www.semiootika.ee\/acta\/wp-content\/uploads\/2026\/01\/Acta_XXII_Cernov_Randviir-Sutiste.pdf\" target=\"_blank\" rel=\"noreferrer noopener\">Visandeid \u00f5petajast<\/a><\/p>\n\n\n\n<p><strong>Andres K\u00f5nno, Piret Vaher, Anne \u00d5uemaa, Eero Alamaa,<\/strong> <strong>Bruno M\u00f6lder, Joel Vedru, Gleb Netchvolodov<\/strong> \u2013 <a href=\"http:\/\/www.semiootika.ee\/acta\/wp-content\/uploads\/2026\/01\/Acta_XXII_Cernov2.pdf\" target=\"_blank\" rel=\"noreferrer noopener\">Meenutusi Igor \u010cernovist<\/a><\/p>\n\n\n\n<p><strong>Kenn Konstabel<\/strong> \u2013 <a href=\"http:\/\/www.semiootika.ee\/acta\/wp-content\/uploads\/2026\/01\/Acta_XXII_Cernov_Konstabel.pdf\" target=\"_blank\" rel=\"noreferrer noopener\">\u010cernovi diskursus<\/a><\/p>\n\n\n\n<p><strong>Marek Tamm<\/strong> \u2013 <a href=\"http:\/\/www.semiootika.ee\/acta\/wp-content\/uploads\/2026\/01\/Acta_XXII_Cernov_Tamm.pdf\" target=\"_blank\" rel=\"noreferrer noopener\">Igor \u010cernovi m\u00e4lestuseks<\/a><\/p>\n\n\n\n<p><strong>Jan Levt\u0161enko<\/strong> \u2013 <a href=\"http:\/\/www.semiootika.ee\/acta\/wp-content\/uploads\/2026\/01\/Acta_XXII_Cernov_Levtshenko.pdf\" target=\"_blank\" rel=\"noreferrer noopener\">Igor Apollonievi\u010d \u010cernov: Apolloni poeg, Tartu enigma<\/a><\/p>\n\n\n\n<p><strong>Valdur Mikita<\/strong> \u2013 <a href=\"http:\/\/www.semiootika.ee\/acta\/wp-content\/uploads\/2026\/01\/Acta_XXII_Cernov_Mikita.pdf\" target=\"_blank\" rel=\"noreferrer noopener\">Igor \u010cernovi viimane loeng<\/a><\/p>\n\n\n\n<p><strong>Elin S\u00fctiste<\/strong> \u2013 <a href=\"http:\/\/www.semiootika.ee\/acta\/wp-content\/uploads\/2026\/01\/Acta_XXII_Cernov_bibliograafia.pdf\" target=\"_blank\" rel=\"noreferrer noopener\">Igor \u010cernovi t\u00f6\u00f6de bibliograafia<\/a><\/p>\n\n\n\n<div style=\"height:10px\" aria-hidden=\"true\" class=\"wp-block-spacer\"><\/div>\n\n\n\n<p><strong>Liis L\u00f5hmus<\/strong> \u2013 <a href=\"http:\/\/www.semiootika.ee\/acta\/wp-content\/uploads\/2026\/01\/Acta_XXII_Lohmus.pdf\" target=\"_blank\" rel=\"noreferrer noopener\">Surematu meduusi&nbsp;<em>Turritopsis dohrnii<\/em>&nbsp;oma- ja siseilma interpretatsioon ning k\u00f5rvutav anal\u00fc\u00fcs inimesega<\/a><\/p>\n\n\n\n<p><strong>Merle Kons, Nele Laev, Marleen Mihhailova<\/strong> \u2013 <a href=\"http:\/\/www.semiootika.ee\/acta\/wp-content\/uploads\/2026\/01\/Acta_XXII_TikTok.pdf\" target=\"_blank\" rel=\"noreferrer noopener\"><em>De-influencing<\/em>\u2019u t\u00e4hendus TikToki kontekstis<\/a> <\/p>\n\n\n\n<p><strong>Kalevi Kull<\/strong> \u2013 <a href=\"http:\/\/www.semiootika.ee\/acta\/wp-content\/uploads\/2026\/01\/Acta_XXII_Kull.pdf\" target=\"_blank\" rel=\"noreferrer noopener\">Bioloogia p\u00f6\u00f6rab tasa semiootika suunas: \u00fche suve konverentsid<\/a><\/p>\n\n\n\n<div style=\"height:12px\" aria-hidden=\"true\" class=\"wp-block-spacer\"><\/div>\n\n\n\n<h4 class=\"wp-block-heading\"><a href=\"http:\/\/www.semiootika.ee\/acta\/wp-content\/uploads\/2026\/01\/Acta_XXII_kroonika.pdf\" target=\"_blank\" rel=\"noreferrer noopener\">KROONIKA 2025<\/a><\/h4>\n\n\n\n<h4 class=\"wp-block-heading\"><a href=\"http:\/\/www.semiootika.ee\/acta\/wp-content\/uploads\/2026\/01\/Acta_XXII_abstracts.pdf\" target=\"_blank\" rel=\"noreferrer noopener\">ABSTRACTS<\/a><\/h4>\n\n\n\n<div style=\"height:34px\" aria-hidden=\"true\" class=\"wp-block-spacer\"><\/div>\n\n\n\n<div style=\"height:70px\" aria-hidden=\"true\" class=\"wp-block-spacer\"><\/div>\n","protected":false},"excerpt":{"rendered":"<p>Acta Semiotica Estica XXII numbrist leiate viis originaalartiklit. Nagu tavaks saanud, kirjutavad nii kogenud uurijad kui ka tudengid, ja nagu &hellip;<\/p>\n","protected":false},"author":1,"featured_media":718,"parent":41,"menu_order":0,"comment_status":"closed","ping_status":"closed","template":"templates\/full-width-page.php","meta":{"footnotes":""},"class_list":["post-723","page","type-page","status-publish","has-post-thumbnail","hentry"],"_links":{"self":[{"href":"http:\/\/www.semiootika.ee\/acta\/wp-json\/wp\/v2\/pages\/723","targetHints":{"allow":["GET"]}}],"collection":[{"href":"http:\/\/www.semiootika.ee\/acta\/wp-json\/wp\/v2\/pages"}],"about":[{"href":"http:\/\/www.semiootika.ee\/acta\/wp-json\/wp\/v2\/types\/page"}],"author":[{"embeddable":true,"href":"http:\/\/www.semiootika.ee\/acta\/wp-json\/wp\/v2\/users\/1"}],"replies":[{"embeddable":true,"href":"http:\/\/www.semiootika.ee\/acta\/wp-json\/wp\/v2\/comments?post=723"}],"version-history":[{"count":5,"href":"http:\/\/www.semiootika.ee\/acta\/wp-json\/wp\/v2\/pages\/723\/revisions"}],"predecessor-version":[{"id":857,"href":"http:\/\/www.semiootika.ee\/acta\/wp-json\/wp\/v2\/pages\/723\/revisions\/857"}],"up":[{"embeddable":true,"href":"http:\/\/www.semiootika.ee\/acta\/wp-json\/wp\/v2\/pages\/41"}],"wp:featuredmedia":[{"embeddable":true,"href":"http:\/\/www.semiootika.ee\/acta\/wp-json\/wp\/v2\/media\/718"}],"wp:attachment":[{"href":"http:\/\/www.semiootika.ee\/acta\/wp-json\/wp\/v2\/media?parent=723"}],"curies":[{"name":"wp","href":"https:\/\/api.w.org\/{rel}","templated":true}]}}