{"id":96,"date":"2017-02-13T23:31:38","date_gmt":"2017-02-13T21:31:38","guid":{"rendered":"http:\/\/www.semiootika.ee\/acta\/?page_id=96"},"modified":"2017-02-14T21:06:13","modified_gmt":"2017-02-14T19:06:13","slug":"ilmumiskalender","status":"publish","type":"page","link":"http:\/\/www.semiootika.ee\/acta\/autorile-ja-retsensendile\/ilmumiskalender\/","title":{"rendered":"ILMUMISKALENDER"},"content":{"rendered":"<p>15. m\u00e4rts \u2013 artikli res\u00fcmee (kuni 250 s\u00f5na) esitamise t\u00e4htaeg<br \/>\n15. juuni \u2013 artikli esitamise t\u00e4htaeg<br \/>\noktoober \u2013 ajakirja ilmumine<\/p>\n","protected":false},"excerpt":{"rendered":"<p>15. m\u00e4rts \u2013 artikli res\u00fcmee (kuni 250 s\u00f5na) esitamise t\u00e4htaeg 15. juuni \u2013 artikli esitamise t\u00e4htaeg oktoober \u2013 ajakirja ilmumine<\/p>\n","protected":false},"author":1,"featured_media":0,"parent":48,"menu_order":1,"comment_status":"closed","ping_status":"closed","template":"templates\/full-width-page.php","meta":{"footnotes":""},"class_list":["post-96","page","type-page","status-publish","hentry"],"_links":{"self":[{"href":"http:\/\/www.semiootika.ee\/acta\/wp-json\/wp\/v2\/pages\/96","targetHints":{"allow":["GET"]}}],"collection":[{"href":"http:\/\/www.semiootika.ee\/acta\/wp-json\/wp\/v2\/pages"}],"about":[{"href":"http:\/\/www.semiootika.ee\/acta\/wp-json\/wp\/v2\/types\/page"}],"author":[{"embeddable":true,"href":"http:\/\/www.semiootika.ee\/acta\/wp-json\/wp\/v2\/users\/1"}],"replies":[{"embeddable":true,"href":"http:\/\/www.semiootika.ee\/acta\/wp-json\/wp\/v2\/comments?post=96"}],"version-history":[{"count":2,"href":"http:\/\/www.semiootika.ee\/acta\/wp-json\/wp\/v2\/pages\/96\/revisions"}],"predecessor-version":[{"id":303,"href":"http:\/\/www.semiootika.ee\/acta\/wp-json\/wp\/v2\/pages\/96\/revisions\/303"}],"up":[{"embeddable":true,"href":"http:\/\/www.semiootika.ee\/acta\/wp-json\/wp\/v2\/pages\/48"}],"wp:attachment":[{"href":"http:\/\/www.semiootika.ee\/acta\/wp-json\/wp\/v2\/media?parent=96"}],"curies":[{"name":"wp","href":"https:\/\/api.w.org\/{rel}","templated":true}]}}